{"id":10455,"date":"2025-04-02T15:57:30","date_gmt":"2025-04-02T13:57:30","guid":{"rendered":"https:\/\/www.coordown.it\/dazio-sull-inclusione\/"},"modified":"2025-04-07T18:11:47","modified_gmt":"2025-04-07T16:11:47","slug":"dazio-sull-inclusione","status":"publish","type":"page","link":"https:\/\/www.coordown.it\/en\/dazio-sull-inclusione\/","title":{"rendered":"No ai Dazi sull&#8217;inclusione"},"content":{"rendered":"\n<p class=\"has-text-align-center\"><strong>La tua organizzazione<\/strong> vuole unirsi a noi nel firmare la lettera aperta? Scrivi a <a href=\"mailto:adesioni@coordown.it\">adesioni@coordown.it<\/a> esplicitando la tua intenzione e indicando il nome della tua organizzazione, citt\u00e0 e paese, il tuo nome e cognome, il ruolo che ricopri al suo interno.<\/p>\n\n\n\n<p class=\"has-text-align-center\">Se vuoi unirti a noi e <strong>firmare la lettera a titolo personale<\/strong> puoi farlo a <a href=\"https:\/\/www.change.org\/noaidazisullinclusione\">questo link<\/a>: ti informiamo che <strong>nulla \u00e8 dovuto per la firma<\/strong> e che il denaro eventualmente donato a change.org non va ai promotori della campagna.<\/p>\n\n\n\n<hr class=\"wp-block-separator has-alpha-channel-opacity\"\/>\n\n\n\n<p class=\"has-text-align-right\">Spett.le<br>Presidente della Repubblica Italiana Sergio Mattarella<br>Presidente del Consiglio dei Ministri della Repubblica Italiana Giorgia Meloni<br>Ministro degli Affari Esteri e della Cooperazione Internazionale Antonio Tajani<br>Ministro per le Disabilit\u00e0 della Repubblica Italiana Alessandra Locatelli<br>Ministro del Lavoro e delle Politiche Sociali della Repubblica Italiana Marina Elvira Calderone<br>Ministro delle Imprese e del Made in Italy Adolfo Urso<br>Presidente Autorit\u00e0 Garante Nazionale dei Diritti delle Persone con Disabilit\u00e0 Maurizio Borgo<\/p>\n\n\n\n<h2 class=\"wp-block-heading\"><strong>CoorDown dichiara inaccettabile il \u201cdazio sull\u2019inclusione\u201d dell\u2019amministrazione Trump. L\u2019Europa civile non pu\u00f2 arretrare.<\/strong><\/h2>\n\n\n\n<p><strong>Dazi anche sull\u2019inclusione? Sembra di s\u00ec.<\/strong> L\u2019amministrazione Trump sta perseguendo in patria un fermo contrasto ai programmi di Diversit\u00e0 Equit\u00e0 Inclusione e Accessibilit\u00e0 &#8211; DEIA accusati paradossalmente di intenti discriminatori. Un intento che si \u00e8 subito tradotto negli USA in azioni concrete: le aziende private che lavorano con l\u2019amministrazione federale dovranno rivedere le loro politiche DEIA. Il messaggio \u00e8 chiaro: chi promuove l\u2019inclusione delle persone con disabilit\u00e0, delle minoranze etniche o di genere non potr\u00e0 lavorare con gli Stati Uniti, pena l\u2019esclusione dagli appalti pubblici statunitensi.<\/p>\n\n\n\n<p>L\u2019intervento ha attraversato l\u2019Oceano ed anche gli ambasciatori in Europa hanno ricevuto un preciso ordine di servizio: richiesta formale con una lettera alle aziende fornitrici italiane che collaborano con il governo statunitense chiedendo di chiarire, entro cinque giorni, la propria politica del personale. L\u2019ha ricevuto anche l\u2019Ambasciata USA in Italia, dopo i colleghi francesi e spagnoli.<\/p>\n\n\n\n<p><strong>L\u2019impatto non \u00e8 solo e tanto per il ristretto numero di operatori<\/strong> commerciali di cui si serve l\u2019Ambasciata USA. <strong>\u00c8 molto pi\u00f9 grave<\/strong>: le multinazionali che operano anche in Italia si troveranno a dover scegliere <strong>fra il dictat americano e uno spirito, una cultura, un impianto normativo UE di tutt\u2019altro segno.<\/strong> E gli esiti \u2013 etici, economici, politici \u2013 sono tutt\u2019altro che scontati.&nbsp;<\/p>\n\n\n\n<p>Ci\u00f2 che il Presidente pro-tempore americano definisce <strong>\u201cdiscriminazioni illegali\u201d<\/strong> sono, in Europa, <strong>diritti sanciti dall\u2019atto fondativo UE<\/strong>,<strong> da direttive antidiscriminatorie consolidate, dallo stesso Pilastro europeo dei diritti sociali, dalle costituzioni dei singoli Stati.<\/strong> Sono l\u2019esito sia di battaglie civili che di una assunzione di consapevolezza delle istituzioni europee. <strong>L\u2019Europa e le sue istituzioni \u2013 pur con errori e limiti \u2013 hanno scelto irrevocabilmente un\u2019altra cultura che nessun radicalismo pu\u00f2 scalfire nemmeno con i ricatti economici.<\/strong> Nella storia europea del Novecento \u00e8 ben chiaro dove portano politiche che fomentano l\u2019indignazione culturale per giustificare decisioni discriminatorie, crudeli e divisive. <strong>Oggi come allora, dobbiamo opporci con forza a ogni tentativo di imporre visioni regressive e pericolose.<\/strong><br><\/p>\n\n\n\n<p><strong>Chiediamo un intervento immediato <\/strong>da parte del Presidente del Consiglio, del Ministro degli Esteri e del Ministro per le Disabilit\u00e0 <strong>per ribadire con fermezza<\/strong>, nelle sedi diplomatiche e internazionali, <strong>la distanza del nostro Paese e dell\u2019Unione Europea da queste posizioni: <\/strong>non accettare il ricatto del \u201cdazio sull\u2019inclusione\u201d contrapponendo anzi un rilancio delle politiche di inclusione anche con interventi premiali delle aziende che perseguono politiche di inclusione.<\/p>\n\n\n\n<p><strong>CoorDown e le associazioni firmatarie della lettera continueranno a battersi, in Italia e nel mondo, per un futuro dove l\u2019inclusione non sia un\u2019opzione, ma un diritto non negoziabile.<\/strong><\/p>\n\n\n\n<p class=\"has-text-align-right\">CoorDown ODV<\/p>\n\n\n\n<p>Genova, 2 aprile 2025<\/p>\n\n\n\n<p>Hanno sottoscritto la lettera: <\/p>\n\n\n\n<p>Fight The Stroke Foundation ETS Milano<br>Crescere Insieme ODV Rimini<br>Associazione Italiana GLUT1 APS<br>AGPD ONLUS Milano<br>Associazione Piccino Picci\u00f2 ODV Firenze<br>CEPS &#8211; Centro Emiliano Progetti Sociali per la Trisomia 21 APS Bologna<br>Associazione Trisomia 21 APS Firenze<br>AFPD ODV Catania<br>Cibo Amico Allergie Alimentari ed Anafilassi APS Sesto Fiorentino<br>AFPD Ragusa<br>GRD Bologna APS<br>AGenDo ODV Vicenza<br>Pianeta Down ODV<br>L&#8217;abbraccio dei prematuri ODV Teramo<br>ANT &#8211; Amici della Neonatologia Trentina ODV Trento<br>Centro Down ODV Cagliari<br>UILDM Nazionale<br>Spazio Blu Autismo APS Varese<br>Rimini Autismo ODV Rimini<br>A.T.C.R.U.P. OdV &#8211; Associazione Toscana per la Cura e la Riabilitazione delle Ustioni Pediatriche Firenze<br>ATISP &#8211; Associazione Toscana Idrocefalo e Spina Bifida APS Firenze<br>FISH Toscana APS<br>FAND &#8211; Federazione tra le Associazioni Nazionali delle persone con Disabilit\u00e0 Comitato Provinciale di Rimini<br>Capirsi Down Monza, Ledha Milano<br>AGbD Associazione Sindrome di Down onlus Verona<br>APIC OdV ETS Associazione Portatori Impianto Cocleare Torino<br>Associazione Down DADI ODV Padova<br>Fondazione CEPIM ONLUS Genova<br>Associazione CEPIM APS Genova<br>Cuore di Bimbo &#8211; Associazione Toscana Genitori Bambini Cardiopatici ODV Arezzo<br>AISMME APS &#8211; Associazione Italiana Sostegno Malattie Metaboliche Ereditarie Verona<br>CBD Centro Bresciano Down Brescia<br>Associazione A.I.R. Down ODV Moncalieri<br>A.S.d.D. &#8211; Associazione Sindrome di Down ODV Napoli<br>CEPIM ODV Torino<br>Associazione Punto e a Capo APS Rende<br>APDD &#8211; Associazione Persone con sindrome di Down e Disabilit\u00e0 intellettiva Cava de&#8217; Tirreni<br>Associazione l&#8217;Amore non conta i cromosomi APS Lucca<br>Vivi Down ODV Milano<br>+ di 21 (Pi\u00f9 di 21) ODV Cassano Magnago<br>DOWN VERSO Associazione famiglie e persone con sindrome di Down ODV Cant\u00f9<br>Associazione Prader-Willi Lombardia ODV<br>Colibr\u00ec ODV Parma, Il Sorriso &#8211; Das L\u00e4cheln APS Bolzano<br>Coordinamento Down Lombardia<br>Nessuno \u00e8 Escluso Milano<br>FIDA &#8211; Coordinamento Italiano Diritti Autismo APS Roma<br>Centro Socio-Educativo ISKRA &#8211; APS Rimini<br>ISKRA 2.0 Societ\u00e0 Cooperativa Sociale ETS Rimini<br>Vorrei Prendere il Treno ETS Cerreto Guidi<br>Associazione Famiglie COL4A1-A2 APS<br>Archivio Storico il 68 Firenze<br>Associazione italiana Sindrome di Kleefstra APS<br>AILA onlus ETS Associazione Italiana Lotta Abusi<br><\/p>\n\n\n\n<p><\/p>\n\n\n\n<p><\/p>\n","protected":false},"excerpt":{"rendered":"<p>La tua organizzazione vuole unirsi a noi nel firmare la lettera aperta? Scrivi a adesioni@coordown.it esplicitando la tua intenzione e indicando il nome della tua organizzazione, citt\u00e0 e paese, il tuo nome e cognome, il ruolo che ricopri al suo interno. Se vuoi unirti a noi e firmare la lettera a titolo personale puoi farlo [&hellip;]<\/p>\n","protected":false},"author":4,"featured_media":10452,"parent":0,"menu_order":0,"comment_status":"closed","ping_status":"closed","template":"","meta":{"footnotes":""},"class_list":["post-10455","page","type-page","status-publish","has-post-thumbnail","hentry"],"yoast_head":"<!-- This site is optimized with the Yoast SEO plugin v25.7 - https:\/\/yoast.com\/wordpress\/plugins\/seo\/ -->\n<title>No ai Dazi sull&#039;inclusione - CoorDown ETS<\/title>\n<meta name=\"description\" content=\"CoorDown denuncia il \u201cdazio sull\u2019inclusione\u201d imposto dall\u2019amministrazione Trump, un attacco diretto alle politiche di Diversit\u00e0, Equit\u00e0, Inclusione e Accessibilit\u00e0. L&#039;Italia e l&#039;Europa devono reagire.\" \/>\n<meta name=\"robots\" content=\"index, follow, max-snippet:-1, max-image-preview:large, max-video-preview:-1\" \/>\n<link rel=\"canonical\" href=\"https:\/\/www.coordown.it\/en\/dazio-sull-inclusione\/\" \/>\n<meta property=\"og:locale\" content=\"en_US\" \/>\n<meta property=\"og:type\" content=\"article\" \/>\n<meta property=\"og:title\" content=\"No ai Dazi sull&#039;inclusione - CoorDown ETS\" \/>\n<meta property=\"og:description\" content=\"CoorDown denuncia il \u201cdazio sull\u2019inclusione\u201d imposto dall\u2019amministrazione Trump, un attacco diretto alle politiche di Diversit\u00e0, Equit\u00e0, Inclusione e Accessibilit\u00e0. L&#039;Italia e l&#039;Europa devono reagire.\" \/>\n<meta property=\"og:url\" content=\"https:\/\/www.coordown.it\/en\/dazio-sull-inclusione\/\" \/>\n<meta property=\"og:site_name\" content=\"CoorDown ETS\" \/>\n<meta property=\"article:modified_time\" content=\"2025-04-07T16:11:47+00:00\" \/>\n<meta property=\"og:image\" content=\"https:\/\/www.coordown.it\/wordpress\/wp-content\/uploads\/2025\/04\/NoDazi.png\" \/>\n\t<meta property=\"og:image:width\" content=\"1200\" \/>\n\t<meta property=\"og:image:height\" content=\"732\" \/>\n\t<meta property=\"og:image:type\" content=\"image\/png\" \/>\n<meta name=\"twitter:card\" content=\"summary_large_image\" \/>\n<meta name=\"twitter:label1\" content=\"Est. reading time\" \/>\n\t<meta name=\"twitter:data1\" content=\"3 minutes\" \/>\n<script type=\"application\/ld+json\" class=\"yoast-schema-graph\">{\"@context\":\"https:\/\/schema.org\",\"@graph\":[{\"@type\":\"WebPage\",\"@id\":\"https:\/\/www.coordown.it\/en\/dazio-sull-inclusione\/\",\"url\":\"https:\/\/www.coordown.it\/en\/dazio-sull-inclusione\/\",\"name\":\"No ai Dazi sull'inclusione - CoorDown ETS\",\"isPartOf\":{\"@id\":\"https:\/\/www.coordown.it\/en\/#website\"},\"primaryImageOfPage\":{\"@id\":\"https:\/\/www.coordown.it\/en\/dazio-sull-inclusione\/#primaryimage\"},\"image\":{\"@id\":\"https:\/\/www.coordown.it\/en\/dazio-sull-inclusione\/#primaryimage\"},\"thumbnailUrl\":\"https:\/\/www.coordown.it\/wordpress\/wp-content\/uploads\/2025\/04\/NoDazi.png\",\"datePublished\":\"2025-04-02T13:57:30+00:00\",\"dateModified\":\"2025-04-07T16:11:47+00:00\",\"description\":\"CoorDown denuncia il \u201cdazio sull\u2019inclusione\u201d imposto dall\u2019amministrazione Trump, un attacco diretto alle politiche di Diversit\u00e0, Equit\u00e0, Inclusione e Accessibilit\u00e0. L'Italia e l'Europa devono reagire.\",\"breadcrumb\":{\"@id\":\"https:\/\/www.coordown.it\/en\/dazio-sull-inclusione\/#breadcrumb\"},\"inLanguage\":\"en-US\",\"potentialAction\":[{\"@type\":\"ReadAction\",\"target\":[\"https:\/\/www.coordown.it\/en\/dazio-sull-inclusione\/\"]}]},{\"@type\":\"ImageObject\",\"inLanguage\":\"en-US\",\"@id\":\"https:\/\/www.coordown.it\/en\/dazio-sull-inclusione\/#primaryimage\",\"url\":\"https:\/\/www.coordown.it\/wordpress\/wp-content\/uploads\/2025\/04\/NoDazi.png\",\"contentUrl\":\"https:\/\/www.coordown.it\/wordpress\/wp-content\/uploads\/2025\/04\/NoDazi.png\",\"width\":1200,\"height\":732,\"caption\":\"No ai dazi su inclusione!\"},{\"@type\":\"BreadcrumbList\",\"@id\":\"https:\/\/www.coordown.it\/en\/dazio-sull-inclusione\/#breadcrumb\",\"itemListElement\":[{\"@type\":\"ListItem\",\"position\":1,\"name\":\"Home\",\"item\":\"https:\/\/www.coordown.it\/en\/\"},{\"@type\":\"ListItem\",\"position\":2,\"name\":\"No ai Dazi sull&#8217;inclusione\"}]},{\"@type\":\"WebSite\",\"@id\":\"https:\/\/www.coordown.it\/en\/#website\",\"url\":\"https:\/\/www.coordown.it\/en\/\",\"name\":\"CoorDown ETS\",\"description\":\"Coordinamento nazionale associazioni delle persone con sindrome di Down\",\"potentialAction\":[{\"@type\":\"SearchAction\",\"target\":{\"@type\":\"EntryPoint\",\"urlTemplate\":\"https:\/\/www.coordown.it\/en\/?s={search_term_string}\"},\"query-input\":{\"@type\":\"PropertyValueSpecification\",\"valueRequired\":true,\"valueName\":\"search_term_string\"}}],\"inLanguage\":\"en-US\"}]}<\/script>\n<!-- \/ Yoast SEO plugin. -->","yoast_head_json":{"title":"No ai Dazi sull'inclusione - CoorDown ETS","description":"CoorDown denuncia il \u201cdazio sull\u2019inclusione\u201d imposto dall\u2019amministrazione Trump, un attacco diretto alle politiche di Diversit\u00e0, Equit\u00e0, Inclusione e Accessibilit\u00e0. L'Italia e l'Europa devono reagire.","robots":{"index":"index","follow":"follow","max-snippet":"max-snippet:-1","max-image-preview":"max-image-preview:large","max-video-preview":"max-video-preview:-1"},"canonical":"https:\/\/www.coordown.it\/en\/dazio-sull-inclusione\/","og_locale":"en_US","og_type":"article","og_title":"No ai Dazi sull'inclusione - CoorDown ETS","og_description":"CoorDown denuncia il \u201cdazio sull\u2019inclusione\u201d imposto dall\u2019amministrazione Trump, un attacco diretto alle politiche di Diversit\u00e0, Equit\u00e0, Inclusione e Accessibilit\u00e0. L'Italia e l'Europa devono reagire.","og_url":"https:\/\/www.coordown.it\/en\/dazio-sull-inclusione\/","og_site_name":"CoorDown ETS","article_modified_time":"2025-04-07T16:11:47+00:00","og_image":[{"width":1200,"height":732,"url":"https:\/\/www.coordown.it\/wordpress\/wp-content\/uploads\/2025\/04\/NoDazi.png","type":"image\/png"}],"twitter_card":"summary_large_image","twitter_misc":{"Est. reading time":"3 minutes"},"schema":{"@context":"https:\/\/schema.org","@graph":[{"@type":"WebPage","@id":"https:\/\/www.coordown.it\/en\/dazio-sull-inclusione\/","url":"https:\/\/www.coordown.it\/en\/dazio-sull-inclusione\/","name":"No ai Dazi sull'inclusione - CoorDown ETS","isPartOf":{"@id":"https:\/\/www.coordown.it\/en\/#website"},"primaryImageOfPage":{"@id":"https:\/\/www.coordown.it\/en\/dazio-sull-inclusione\/#primaryimage"},"image":{"@id":"https:\/\/www.coordown.it\/en\/dazio-sull-inclusione\/#primaryimage"},"thumbnailUrl":"https:\/\/www.coordown.it\/wordpress\/wp-content\/uploads\/2025\/04\/NoDazi.png","datePublished":"2025-04-02T13:57:30+00:00","dateModified":"2025-04-07T16:11:47+00:00","description":"CoorDown denuncia il \u201cdazio sull\u2019inclusione\u201d imposto dall\u2019amministrazione Trump, un attacco diretto alle politiche di Diversit\u00e0, Equit\u00e0, Inclusione e Accessibilit\u00e0. L'Italia e l'Europa devono reagire.","breadcrumb":{"@id":"https:\/\/www.coordown.it\/en\/dazio-sull-inclusione\/#breadcrumb"},"inLanguage":"en-US","potentialAction":[{"@type":"ReadAction","target":["https:\/\/www.coordown.it\/en\/dazio-sull-inclusione\/"]}]},{"@type":"ImageObject","inLanguage":"en-US","@id":"https:\/\/www.coordown.it\/en\/dazio-sull-inclusione\/#primaryimage","url":"https:\/\/www.coordown.it\/wordpress\/wp-content\/uploads\/2025\/04\/NoDazi.png","contentUrl":"https:\/\/www.coordown.it\/wordpress\/wp-content\/uploads\/2025\/04\/NoDazi.png","width":1200,"height":732,"caption":"No ai dazi su inclusione!"},{"@type":"BreadcrumbList","@id":"https:\/\/www.coordown.it\/en\/dazio-sull-inclusione\/#breadcrumb","itemListElement":[{"@type":"ListItem","position":1,"name":"Home","item":"https:\/\/www.coordown.it\/en\/"},{"@type":"ListItem","position":2,"name":"No ai Dazi sull&#8217;inclusione"}]},{"@type":"WebSite","@id":"https:\/\/www.coordown.it\/en\/#website","url":"https:\/\/www.coordown.it\/en\/","name":"CoorDown ETS","description":"Coordinamento nazionale associazioni delle persone con sindrome di Down","potentialAction":[{"@type":"SearchAction","target":{"@type":"EntryPoint","urlTemplate":"https:\/\/www.coordown.it\/en\/?s={search_term_string}"},"query-input":{"@type":"PropertyValueSpecification","valueRequired":true,"valueName":"search_term_string"}}],"inLanguage":"en-US"}]}},"_links":{"self":[{"href":"https:\/\/www.coordown.it\/en\/wp-json\/wp\/v2\/pages\/10455","targetHints":{"allow":["GET"]}}],"collection":[{"href":"https:\/\/www.coordown.it\/en\/wp-json\/wp\/v2\/pages"}],"about":[{"href":"https:\/\/www.coordown.it\/en\/wp-json\/wp\/v2\/types\/page"}],"author":[{"embeddable":true,"href":"https:\/\/www.coordown.it\/en\/wp-json\/wp\/v2\/users\/4"}],"replies":[{"embeddable":true,"href":"https:\/\/www.coordown.it\/en\/wp-json\/wp\/v2\/comments?post=10455"}],"version-history":[{"count":25,"href":"https:\/\/www.coordown.it\/en\/wp-json\/wp\/v2\/pages\/10455\/revisions"}],"predecessor-version":[{"id":10589,"href":"https:\/\/www.coordown.it\/en\/wp-json\/wp\/v2\/pages\/10455\/revisions\/10589"}],"wp:featuredmedia":[{"embeddable":true,"href":"https:\/\/www.coordown.it\/en\/wp-json\/wp\/v2\/media\/10452"}],"wp:attachment":[{"href":"https:\/\/www.coordown.it\/en\/wp-json\/wp\/v2\/media?parent=10455"}],"curies":[{"name":"wp","href":"https:\/\/api.w.org\/{rel}","templated":true}]}}